{"id":64,"date":"2025-07-09T17:33:31","date_gmt":"2025-07-09T17:33:31","guid":{"rendered":"https:\/\/88miles.schraders.eu\/?page_id=64"},"modified":"2025-07-10T07:42:36","modified_gmt":"2025-07-10T07:42:36","slug":"88-miles-partyband-fuer-stadtfeste-firmenfeste-hochzeiten-etc","status":"publish","type":"page","link":"https:\/\/88miles.schraders.eu\/index.php\/88-miles-partyband-fuer-stadtfeste-firmenfeste-hochzeiten-etc\/","title":{"rendered":"Events &amp; Buchung"},"content":{"rendered":"\t\t<div data-elementor-type=\"wp-page\" data-elementor-id=\"64\" class=\"elementor elementor-64\">\n\t\t\t\t<div class=\"elementor-element elementor-element-ad69e04 e-flex e-con-boxed e-con e-parent\" data-id=\"ad69e04\" data-element_type=\"container\">\n\t\t\t\t\t<div class=\"e-con-inner\">\n\t\t<div class=\"elementor-element elementor-element-98fd0f5 e-con-full e-flex e-con e-child\" data-id=\"98fd0f5\" data-element_type=\"container\">\n\t\t\t\t<div class=\"elementor-element elementor-element-e61e6b0 elementor-widget elementor-widget-image\" data-id=\"e61e6b0\" data-element_type=\"widget\" data-widget_type=\"image.default\">\n\t\t\t\t\t\t\t\t\t\t\t\t\t\t\t<img fetchpriority=\"high\" decoding=\"async\" width=\"1024\" height=\"683\" src=\"https:\/\/88miles.schraders.eu\/wp-content\/uploads\/2025\/07\/2X4A8708-1024x683.jpg\" class=\"attachment-large size-large wp-image-130\" alt=\"\" srcset=\"https:\/\/88miles.schraders.eu\/wp-content\/uploads\/2025\/07\/2X4A8708-1024x683.jpg 1024w, https:\/\/88miles.schraders.eu\/wp-content\/uploads\/2025\/07\/2X4A8708-300x200.jpg 300w, https:\/\/88miles.schraders.eu\/wp-content\/uploads\/2025\/07\/2X4A8708-768x512.jpg 768w, https:\/\/88miles.schraders.eu\/wp-content\/uploads\/2025\/07\/2X4A8708-391x260.jpg 391w, https:\/\/88miles.schraders.eu\/wp-content\/uploads\/2025\/07\/2X4A8708-1536x1024.jpg 1536w, https:\/\/88miles.schraders.eu\/wp-content\/uploads\/2025\/07\/2X4A8708-2048x1365.jpg 2048w\" sizes=\"(max-width: 1024px) 100vw, 1024px\" \/>\t\t\t\t\t\t\t\t\t\t\t\t\t\t\t<\/div>\n\t\t\t\t<\/div>\n\t\t<div class=\"elementor-element elementor-element-cc2fe80 e-con-full e-flex e-con e-child\" data-id=\"cc2fe80\" data-element_type=\"container\">\n\t\t\t\t<div class=\"elementor-element elementor-element-7ba60b5 elementor-widget elementor-widget-text-editor\" data-id=\"7ba60b5\" data-element_type=\"widget\" data-widget_type=\"text-editor.default\">\n\t\t\t\t\t\t\t\t\t<h2 class=\"wp-block-heading\">88 Miles \u2013 Liveband f\u00fcr Stadtfeste, Hochzeiten &amp; Firmenfeiern<\/h2>\n<p><!-- \/wp:heading --><!-- wp:paragraph --><\/p>\n<p>Ob Pflasterfest Hameln, Altstadtfest, Sommerb\u00fchne oder Open-Air-B\u00fchne auf dem Marktplatz: 88 Miles bringt die perfekte Mischung aus Funk, Soul, Rock und aktuellen Chart-Hits auf jede gro\u00dfe B\u00fchne. Mit unserer energiegeladenen Performance, einer groovenden Rhythmusgruppe, dreik\u00f6pfiger Bl\u00e4ser-Section und wechselndem Gesang machen wir euer Stadtfest zu einem echten Highlight.<br \/>Gro\u00dfe Besetzung, gro\u00dfe Wirkung \u2013 f\u00fcr Stadtfeste in ganz Niedersachsen und dar\u00fcber hinaus.<\/p>\n<p>\u00a0<\/p>\t\t\t\t\t\t\t\t<\/div>\n\t\t\t\t<\/div>\n\t\t<div class=\"elementor-element elementor-element-610dca9 e-con-full e-flex e-con e-child\" data-id=\"610dca9\" data-element_type=\"container\">\n\t\t\t\t<div class=\"elementor-element elementor-element-a54268e elementor-widget elementor-widget-text-editor\" data-id=\"a54268e\" data-element_type=\"widget\" data-widget_type=\"text-editor.default\">\n\t\t\t\t\t\t\t\t\t<h3 data-start=\"178\" data-end=\"223\">Technik &amp; B\u00fchne \u2013 alles aus einer Hand<\/h3>\n<p data-start=\"225\" data-end=\"525\">Auf Wunsch k\u00f6nnt ihr bei uns nicht nur die Band, sondern auch die passende <strong data-start=\"300\" data-end=\"326\">Tontechnik (PA-System)<\/strong> und eine <strong data-start=\"336\" data-end=\"345\">B\u00fchne<\/strong>direkt mitanfragen.<br data-start=\"365\" data-end=\"368\" \/>F\u00fcr eine reibungslose Umsetzung und professionellen Sound beziehen wir bei Bedarf unsere erfahrenen Technik-Partner wie <a href=\"https:\/\/www.porta-event.de\"><strong data-start=\"488\" data-end=\"504\">Porta Events<\/strong><\/a> und <a href=\"https:\/\/cdt-sound.dehttps:\/\/cdt-sound.de\/#Home\"><strong data-start=\"509\" data-end=\"516\">CDT<\/strong><\/a> mit ein.<\/p>\n<p data-start=\"527\" data-end=\"751\">Ob kleines Setup f\u00fcr eine Hochzeit oder komplette Festival-B\u00fchne mit Licht und Full-Range-PA \u2013 wir beraten euch gern und k\u00fcmmern uns darum, dass eure Veranstaltung nicht nur musikalisch, sondern auch technisch perfekt l\u00e4uft.<\/p>\n<p data-start=\"753\" data-end=\"865\"><strong data-start=\"757\" data-end=\"865\">Technikl\u00f6sung gesucht? Einfach bei der Buchung mit angeben \u2013 wir melden uns mit einem passenden Angebot.<\/strong><\/p>\t\t\t\t\t\t\t\t<\/div>\n\t\t\t\t<\/div>\n\t\t<div class=\"elementor-element elementor-element-038e994 e-con-full e-flex e-con e-child\" data-id=\"038e994\" data-element_type=\"container\">\n\t\t\t\t<\/div>\n\t\t\t\t\t<\/div>\n\t\t\t\t<\/div>\n\t\t<div class=\"elementor-element elementor-element-0635f1e e-grid e-con-boxed e-con e-parent\" data-id=\"0635f1e\" data-element_type=\"container\">\n\t\t\t\t\t<div class=\"e-con-inner\">\n\t\t\t\t<div class=\"elementor-element elementor-element-b408e4d elementor-widget elementor-widget-image\" data-id=\"b408e4d\" data-element_type=\"widget\" data-widget_type=\"image.default\">\n\t\t\t\t\t\t\t\t\t\t\t\t\t\t\t<img decoding=\"async\" src=\"https:\/\/88miles.schraders.eu\/wp-content\/plugins\/elementor\/assets\/images\/placeholder.png\" title=\"\" alt=\"\" loading=\"lazy\" \/>\t\t\t\t\t\t\t\t\t\t\t\t\t\t\t<\/div>\n\t\t\t\t<div class=\"elementor-element elementor-element-939a57a elementor-widget elementor-widget-text-editor\" data-id=\"939a57a\" data-element_type=\"widget\" data-widget_type=\"text-editor.default\">\n\t\t\t\t\t\t\t\t\t<h3 class=\"wp-block-heading\">Firmenfeiern, Galas &amp; Messe-Events<\/h3>\n<p><!-- \/wp:heading --><!-- wp:paragraph --><\/p>\n<p><strong>88 Miles \u2013 Stilvoll. Professionell. Unvergesslich.<\/strong><\/p>\n<p><!-- \/wp:paragraph --><!-- wp:paragraph --><\/p>\n<p>Ihr plant ein Firmenjubil\u00e4um, eine Gala oder ein exklusives Messe-Event? 88 Miles bietet hochwertiges musikalisches Entertainment, das Eure G\u00e4ste begeistert. Ob loungige Soul-Vibes zum Empfang oder ein tanzbares Live-Set zur Aftershow-Party \u2013 wir passen uns Eurem Eventkonzept an und sorgen f\u00fcr ein unvergessliches Musikerlebnis.<br \/>Referenzen aus Industrie, Mittelstand &amp; \u00f6ffentlichem Sektor vorhanden.<\/p>\n<p><!-- \/wp:paragraph --><!-- wp:heading {\"level\":3} --><\/p>\n<h3 class=\"wp-block-heading\">\u00a0<\/h3>\t\t\t\t\t\t\t\t<\/div>\n\t\t\t\t\t<\/div>\n\t\t\t\t<\/div>\n\t\t<div class=\"elementor-element elementor-element-622a43e9 e-flex e-con-boxed e-con e-parent\" data-id=\"622a43e9\" data-element_type=\"container\">\n\t\t\t\t\t<div class=\"e-con-inner\">\n\t\t\t\t<div class=\"elementor-element elementor-element-2eaeea1 elementor-widget elementor-widget-text-editor\" data-id=\"2eaeea1\" data-element_type=\"widget\" data-widget_type=\"text-editor.default\">\n\t\t\t\t\t\t\t\t\t<p data-start=\"349\" data-end=\"675\">Ob <strong data-start=\"352\" data-end=\"365\">Stadtfest<\/strong>, <strong data-start=\"367\" data-end=\"379\">Hochzeit<\/strong>, <strong data-start=\"381\" data-end=\"396\">Firmenfeier<\/strong>, <strong data-start=\"398\" data-end=\"411\">Galaabend<\/strong>, <strong data-start=\"413\" data-end=\"428\">Vereinsfest<\/strong> oder <strong data-start=\"434\" data-end=\"459\">private Veranstaltung<\/strong> \u2013 88 Miles ist Eure Liveband f\u00fcr Musik, die bewegt. Mit unserer Besetzung, bestehend aus Gesang, Bl\u00e4sersection, Rhythmusgruppe, liefern wir eine Show, die auf jedem Event f\u00fcr Stimmung sorgt.<\/p>\n<p data-start=\"677\" data-end=\"693\">Wir bieten Euch:<\/p>\n<p data-start=\"695\" data-end=\"1085\"><strong data-start=\"697\" data-end=\"722\">Individuelle Beratung<\/strong> \u2013 in direkter Absprache mit unserem erfahrenen <strong data-start=\"770\" data-end=\"783\">Orga-Team<\/strong><br data-start=\"783\" data-end=\"786\" \/><strong data-start=\"788\" data-end=\"814\">Wir helfen beim <\/strong> Ablauf und der technischen Umsetzung<br data-start=\"926\" data-end=\"929\" \/><strong data-start=\"931\" data-end=\"955\">Erprobtes Repertoire<\/strong> \u2013 von Soul &amp; Funk bis Rock, Pop &amp; aktuellen Hits<br data-start=\"1004\" data-end=\"1007\" \/><strong data-start=\"1009\" data-end=\"1027\">Zusatzoptionen<\/strong> \u2013 z.\u202fB. Akustik-Set f\u00fcr Empfang oder DJ f\u00fcr die Aftershow<\/p>\n<p data-start=\"1087\" data-end=\"1241\">Egal ob ihr eine B\u00fchne, PA oder nur die Band ben\u00f6tigt. Wir stimmen uns mit Euch ab und helfen bei der Organisation Eures Events.\u00a0<\/p>\n<p data-start=\"1243\" data-end=\"1341\">Jetzt unverbindlich anfragen \u2013 wir freuen uns, gemeinsam mit euch Zur\u00fcck in die Zukunft zu reisen!<\/p>\t\t\t\t\t\t\t\t<\/div>\n\t\t\t\t<div class=\"elementor-element elementor-element-255115a3 elementor-widget elementor-widget-text-editor\" data-id=\"255115a3\" data-element_type=\"widget\" data-widget_type=\"text-editor.default\">\n\t\t\t\t\t\t\t\t\t<!-- wp:heading -->\n<h3 class=\"wp-block-heading\"><strong>Hochzeiten &amp; private Events<\/strong><\/h3>\n<!-- \/wp:heading --><!-- wp:paragraph -->\n<p>Liveband f\u00fcr die Hochzeit gesucht? Mit gef\u00fchlvollen Balladen, Partyklassikern und moderner Popmusik begleiten wir euren gro\u00dfen Tag \u2013 professionell, musikalisch und auf Wunsch auch mit DJ-Erg\u00e4nzung.<\/p>\n<!-- \/wp:paragraph --><!-- wp:paragraph -->\n<p>\u00a0<\/p>\n<!-- \/wp:paragraph -->\t\t\t\t\t\t\t\t<\/div>\n\t\t\t\t\t<\/div>\n\t\t\t\t<\/div>\n\t\t<div class=\"elementor-element elementor-element-a0f381d e-flex e-con-boxed e-con e-parent\" data-id=\"a0f381d\" data-element_type=\"container\">\n\t\t\t\t\t<div class=\"e-con-inner\">\n\t\t\t\t<div class=\"elementor-element elementor-element-fbcbd5b elementor-widget elementor-widget-heading\" data-id=\"fbcbd5b\" data-element_type=\"widget\" data-widget_type=\"heading.default\">\n\t\t\t\t\t<h2 class=\"elementor-heading-title elementor-size-default\">Unsere Partner<\/h2>\t\t\t\t<\/div>\n\t\t\t\t\t<\/div>\n\t\t\t\t<\/div>\n\t\t\t\t<\/div>\n\t\t","protected":false},"excerpt":{"rendered":"<p>88 Miles \u2013 Liveband f\u00fcr Stadtfeste, Hochzeiten &amp; Firmenfeiern Ob Pflasterfest Hameln, Altstadtfest, Sommerb\u00fchne oder Open-Air-B\u00fchne auf dem Marktplatz: 88 Miles bringt die perfekte Mischung aus Funk, Soul, Rock und aktuellen Chart-Hits auf jede gro\u00dfe B\u00fchne. Mit unserer energiegeladenen Performance, einer groovenden Rhythmusgruppe, dreik\u00f6pfiger Bl\u00e4ser-Section und wechselndem Gesang machen wir euer Stadtfest zu einem echten [&hellip;]<\/p>\n","protected":false},"author":2,"featured_media":65,"parent":0,"menu_order":0,"comment_status":"closed","ping_status":"closed","template":"","meta":{"footnotes":""},"class_list":["post-64","page","type-page","status-publish","has-post-thumbnail","hentry"],"yoast_head":"<!-- This site is optimized with the Yoast SEO plugin v25.4 - https:\/\/yoast.com\/wordpress\/plugins\/seo\/ -->\n<title>Events &amp; Buchung - 88Miles<\/title>\n<meta name=\"description\" content=\"88 Miles Partyband f\u00fcr euer Stadtfest, eure Hochzeit oder Firmen- Veranstaltung. Wir\" \/>\n<meta name=\"robots\" content=\"index, follow, max-snippet:-1, max-image-preview:large, max-video-preview:-1\" \/>\n<link rel=\"canonical\" href=\"https:\/\/88miles.schraders.eu\/index.php\/88-miles-partyband-fuer-stadtfeste-firmenfeste-hochzeiten-etc\/\" \/>\n<meta property=\"og:locale\" content=\"de_DE\" \/>\n<meta property=\"og:type\" content=\"article\" \/>\n<meta property=\"og:title\" content=\"Events &amp; Buchung - 88Miles\" \/>\n<meta property=\"og:description\" content=\"88 Miles Partyband f\u00fcr euer Stadtfest, eure Hochzeit oder Firmen- Veranstaltung. Wir\" \/>\n<meta property=\"og:url\" content=\"https:\/\/88miles.schraders.eu\/index.php\/88-miles-partyband-fuer-stadtfeste-firmenfeste-hochzeiten-etc\/\" \/>\n<meta property=\"og:site_name\" content=\"88Miles\" \/>\n<meta property=\"article:modified_time\" content=\"2025-07-10T07:42:36+00:00\" \/>\n<meta property=\"og:image\" content=\"https:\/\/88miles.schraders.eu\/wp-content\/uploads\/2025\/07\/88miles-1002379.jpg\" \/>\n\t<meta property=\"og:image:width\" content=\"1500\" \/>\n\t<meta property=\"og:image:height\" content=\"1126\" \/>\n\t<meta property=\"og:image:type\" content=\"image\/jpeg\" \/>\n<meta name=\"twitter:card\" content=\"summary_large_image\" \/>\n<meta name=\"twitter:label1\" content=\"Gesch\u00e4tzte Lesezeit\" \/>\n\t<meta name=\"twitter:data1\" content=\"1\u00a0Minute\" \/>\n<script type=\"application\/ld+json\" class=\"yoast-schema-graph\">{\"@context\":\"https:\/\/schema.org\",\"@graph\":[{\"@type\":\"WebPage\",\"@id\":\"https:\/\/88miles.schraders.eu\/index.php\/88-miles-partyband-fuer-stadtfeste-firmenfeste-hochzeiten-etc\/\",\"url\":\"https:\/\/88miles.schraders.eu\/index.php\/88-miles-partyband-fuer-stadtfeste-firmenfeste-hochzeiten-etc\/\",\"name\":\"Events &amp; Buchung - 88Miles\",\"isPartOf\":{\"@id\":\"https:\/\/88miles.schraders.eu\/#website\"},\"primaryImageOfPage\":{\"@id\":\"https:\/\/88miles.schraders.eu\/index.php\/88-miles-partyband-fuer-stadtfeste-firmenfeste-hochzeiten-etc\/#primaryimage\"},\"image\":{\"@id\":\"https:\/\/88miles.schraders.eu\/index.php\/88-miles-partyband-fuer-stadtfeste-firmenfeste-hochzeiten-etc\/#primaryimage\"},\"thumbnailUrl\":\"https:\/\/88miles.schraders.eu\/wp-content\/uploads\/2025\/07\/88miles-1002379.jpg\",\"datePublished\":\"2025-07-09T17:33:31+00:00\",\"dateModified\":\"2025-07-10T07:42:36+00:00\",\"description\":\"88 Miles Partyband f\u00fcr euer Stadtfest, eure Hochzeit oder Firmen- Veranstaltung. Wir\",\"breadcrumb\":{\"@id\":\"https:\/\/88miles.schraders.eu\/index.php\/88-miles-partyband-fuer-stadtfeste-firmenfeste-hochzeiten-etc\/#breadcrumb\"},\"inLanguage\":\"de\",\"potentialAction\":[{\"@type\":\"ReadAction\",\"target\":[\"https:\/\/88miles.schraders.eu\/index.php\/88-miles-partyband-fuer-stadtfeste-firmenfeste-hochzeiten-etc\/\"]}]},{\"@type\":\"ImageObject\",\"inLanguage\":\"de\",\"@id\":\"https:\/\/88miles.schraders.eu\/index.php\/88-miles-partyband-fuer-stadtfeste-firmenfeste-hochzeiten-etc\/#primaryimage\",\"url\":\"https:\/\/88miles.schraders.eu\/wp-content\/uploads\/2025\/07\/88miles-1002379.jpg\",\"contentUrl\":\"https:\/\/88miles.schraders.eu\/wp-content\/uploads\/2025\/07\/88miles-1002379.jpg\",\"width\":1500,\"height\":1126},{\"@type\":\"BreadcrumbList\",\"@id\":\"https:\/\/88miles.schraders.eu\/index.php\/88-miles-partyband-fuer-stadtfeste-firmenfeste-hochzeiten-etc\/#breadcrumb\",\"itemListElement\":[{\"@type\":\"ListItem\",\"position\":1,\"name\":\"Startseite\",\"item\":\"https:\/\/88miles.schraders.eu\/\"},{\"@type\":\"ListItem\",\"position\":2,\"name\":\"Events &amp; Buchung\"}]},{\"@type\":\"WebSite\",\"@id\":\"https:\/\/88miles.schraders.eu\/#website\",\"url\":\"https:\/\/88miles.schraders.eu\/\",\"name\":\"88Miles\",\"description\":\"\",\"potentialAction\":[{\"@type\":\"SearchAction\",\"target\":{\"@type\":\"EntryPoint\",\"urlTemplate\":\"https:\/\/88miles.schraders.eu\/?s={search_term_string}\"},\"query-input\":{\"@type\":\"PropertyValueSpecification\",\"valueRequired\":true,\"valueName\":\"search_term_string\"}}],\"inLanguage\":\"de\"}]}<\/script>\n<!-- \/ Yoast SEO plugin. -->","yoast_head_json":{"title":"Events &amp; Buchung - 88Miles","description":"88 Miles Partyband f\u00fcr euer Stadtfest, eure Hochzeit oder Firmen- Veranstaltung. Wir","robots":{"index":"index","follow":"follow","max-snippet":"max-snippet:-1","max-image-preview":"max-image-preview:large","max-video-preview":"max-video-preview:-1"},"canonical":"https:\/\/88miles.schraders.eu\/index.php\/88-miles-partyband-fuer-stadtfeste-firmenfeste-hochzeiten-etc\/","og_locale":"de_DE","og_type":"article","og_title":"Events &amp; Buchung - 88Miles","og_description":"88 Miles Partyband f\u00fcr euer Stadtfest, eure Hochzeit oder Firmen- Veranstaltung. Wir","og_url":"https:\/\/88miles.schraders.eu\/index.php\/88-miles-partyband-fuer-stadtfeste-firmenfeste-hochzeiten-etc\/","og_site_name":"88Miles","article_modified_time":"2025-07-10T07:42:36+00:00","og_image":[{"width":1500,"height":1126,"url":"https:\/\/88miles.schraders.eu\/wp-content\/uploads\/2025\/07\/88miles-1002379.jpg","type":"image\/jpeg"}],"twitter_card":"summary_large_image","twitter_misc":{"Gesch\u00e4tzte Lesezeit":"1\u00a0Minute"},"schema":{"@context":"https:\/\/schema.org","@graph":[{"@type":"WebPage","@id":"https:\/\/88miles.schraders.eu\/index.php\/88-miles-partyband-fuer-stadtfeste-firmenfeste-hochzeiten-etc\/","url":"https:\/\/88miles.schraders.eu\/index.php\/88-miles-partyband-fuer-stadtfeste-firmenfeste-hochzeiten-etc\/","name":"Events &amp; Buchung - 88Miles","isPartOf":{"@id":"https:\/\/88miles.schraders.eu\/#website"},"primaryImageOfPage":{"@id":"https:\/\/88miles.schraders.eu\/index.php\/88-miles-partyband-fuer-stadtfeste-firmenfeste-hochzeiten-etc\/#primaryimage"},"image":{"@id":"https:\/\/88miles.schraders.eu\/index.php\/88-miles-partyband-fuer-stadtfeste-firmenfeste-hochzeiten-etc\/#primaryimage"},"thumbnailUrl":"https:\/\/88miles.schraders.eu\/wp-content\/uploads\/2025\/07\/88miles-1002379.jpg","datePublished":"2025-07-09T17:33:31+00:00","dateModified":"2025-07-10T07:42:36+00:00","description":"88 Miles Partyband f\u00fcr euer Stadtfest, eure Hochzeit oder Firmen- Veranstaltung. Wir","breadcrumb":{"@id":"https:\/\/88miles.schraders.eu\/index.php\/88-miles-partyband-fuer-stadtfeste-firmenfeste-hochzeiten-etc\/#breadcrumb"},"inLanguage":"de","potentialAction":[{"@type":"ReadAction","target":["https:\/\/88miles.schraders.eu\/index.php\/88-miles-partyband-fuer-stadtfeste-firmenfeste-hochzeiten-etc\/"]}]},{"@type":"ImageObject","inLanguage":"de","@id":"https:\/\/88miles.schraders.eu\/index.php\/88-miles-partyband-fuer-stadtfeste-firmenfeste-hochzeiten-etc\/#primaryimage","url":"https:\/\/88miles.schraders.eu\/wp-content\/uploads\/2025\/07\/88miles-1002379.jpg","contentUrl":"https:\/\/88miles.schraders.eu\/wp-content\/uploads\/2025\/07\/88miles-1002379.jpg","width":1500,"height":1126},{"@type":"BreadcrumbList","@id":"https:\/\/88miles.schraders.eu\/index.php\/88-miles-partyband-fuer-stadtfeste-firmenfeste-hochzeiten-etc\/#breadcrumb","itemListElement":[{"@type":"ListItem","position":1,"name":"Startseite","item":"https:\/\/88miles.schraders.eu\/"},{"@type":"ListItem","position":2,"name":"Events &amp; Buchung"}]},{"@type":"WebSite","@id":"https:\/\/88miles.schraders.eu\/#website","url":"https:\/\/88miles.schraders.eu\/","name":"88Miles","description":"","potentialAction":[{"@type":"SearchAction","target":{"@type":"EntryPoint","urlTemplate":"https:\/\/88miles.schraders.eu\/?s={search_term_string}"},"query-input":{"@type":"PropertyValueSpecification","valueRequired":true,"valueName":"search_term_string"}}],"inLanguage":"de"}]}},"_links":{"self":[{"href":"https:\/\/88miles.schraders.eu\/index.php\/wp-json\/wp\/v2\/pages\/64","targetHints":{"allow":["GET"]}}],"collection":[{"href":"https:\/\/88miles.schraders.eu\/index.php\/wp-json\/wp\/v2\/pages"}],"about":[{"href":"https:\/\/88miles.schraders.eu\/index.php\/wp-json\/wp\/v2\/types\/page"}],"author":[{"embeddable":true,"href":"https:\/\/88miles.schraders.eu\/index.php\/wp-json\/wp\/v2\/users\/2"}],"replies":[{"embeddable":true,"href":"https:\/\/88miles.schraders.eu\/index.php\/wp-json\/wp\/v2\/comments?post=64"}],"version-history":[{"count":14,"href":"https:\/\/88miles.schraders.eu\/index.php\/wp-json\/wp\/v2\/pages\/64\/revisions"}],"predecessor-version":[{"id":154,"href":"https:\/\/88miles.schraders.eu\/index.php\/wp-json\/wp\/v2\/pages\/64\/revisions\/154"}],"wp:featuredmedia":[{"embeddable":true,"href":"https:\/\/88miles.schraders.eu\/index.php\/wp-json\/wp\/v2\/media\/65"}],"wp:attachment":[{"href":"https:\/\/88miles.schraders.eu\/index.php\/wp-json\/wp\/v2\/media?parent=64"}],"curies":[{"name":"wp","href":"https:\/\/api.w.org\/{rel}","templated":true}]}}